{"id":24417,"date":"2024-10-22T15:47:57","date_gmt":"2024-10-22T12:47:57","guid":{"rendered":"https:\/\/swedomltd.com\/?page_id=24417"},"modified":"2024-10-22T15:52:40","modified_gmt":"2024-10-22T12:52:40","slug":"hizmetlerimiz","status":"publish","type":"page","link":"https:\/\/swedomltd.com\/en\/hizmetlerimiz\/","title":{"rendered":"Services"},"content":{"rendered":"<div data-elementor-type=\"wp-page\" data-elementor-id=\"24417\" class=\"elementor elementor-24417\">\n\t\t\t\t<div class=\"elementor-element elementor-element-3e7ec04 e-flex e-con-boxed e-con e-parent\" data-id=\"3e7ec04\" data-element_type=\"container\" data-settings=\"{&quot;background_background&quot;:&quot;classic&quot;}\">\n\t\t\t\t\t<div class=\"e-con-inner\">\n\t\t<div class=\"elementor-element elementor-element-bc5c2da e-con-full e-flex e-con e-child\" data-id=\"bc5c2da\" data-element_type=\"container\">\n\t\t\t\t<div class=\"elementor-element elementor-element-eb84b4d animated-fast elementor-invisible elementor-widget elementor-widget-elementskit-heading\" data-id=\"eb84b4d\" data-element_type=\"widget\" data-settings=\"{&quot;ekit_we_effect_on&quot;:&quot;css&quot;,&quot;_animation&quot;:&quot;fadeIn&quot;,&quot;_animation_delay&quot;:100}\" data-widget_type=\"elementskit-heading.default\">\n\t\t\t\t<div class=\"elementor-widget-container\">\n\t\t\t<div class=\"ekit-wid-con\" ><div class=\"ekit-heading elementskit-section-title-wraper text_center   ekit_heading_tablet-   ekit_heading_mobile-\"><h1 class=\"ekit-heading--title elementskit-section-title\">Services<\/h1><\/div><\/div>\t\t<\/div>\n\t\t\t\t<\/div>\n\t\t\t\t<\/div>\n\t\t\t\t\t<\/div>\n\t\t\t\t<\/div>\n\t\t<div class=\"elementor-element elementor-element-5fb0df1 e-flex e-con-boxed e-con e-parent\" data-id=\"5fb0df1\" data-element_type=\"container\" data-settings=\"{&quot;background_background&quot;:&quot;classic&quot;}\">\n\t\t\t\t\t<div class=\"e-con-inner\">\n\t\t<div class=\"elementor-element elementor-element-21f42be e-con-full e-flex e-con e-child\" data-id=\"21f42be\" data-element_type=\"container\">\n\t\t<div class=\"elementor-element elementor-element-f100eac e-con-full e-flex e-con e-child\" data-id=\"f100eac\" data-element_type=\"container\">\n\t\t\t\t<div class=\"elementor-element elementor-element-949bda8 widget-link-underline animated-fast ekit-equal-height-disable elementor-invisible elementor-widget elementor-widget-elementskit-icon-box\" data-id=\"949bda8\" data-element_type=\"widget\" data-settings=\"{&quot;_animation&quot;:&quot;fadeInUp&quot;,&quot;_animation_delay&quot;:100,&quot;ekit_we_effect_on&quot;:&quot;none&quot;}\" data-widget_type=\"elementskit-icon-box.default\">\n\t\t\t\t<div class=\"elementor-widget-container\">\n\t\t\t<div class=\"ekit-wid-con\" >        <!-- link opening -->\n                <a href=\"#\" class=\"ekit_global_links\">\n                <!-- end link opening -->\n\n        <div class=\"elementskit-infobox text-left text-left icon-lef-right-aligin elementor-animation-float media\">\n                    <div class=\"elementskit-box-header elementor-animation-\">\n                <div class=\"elementskit-info-box-icon  text-center\">\n                    <i aria-hidden=\"true\" class=\"elementkit-infobox-icon far fa-lightbulb\"><\/i>\n                <\/div>\n          <\/div>\n                        <div class=\"box-body\">\n                            <h5 class=\"elementskit-info-box-title\">\n                    Strategic Consulting                <\/h5>\n                        \t\t  <p>We are here to assist you in the process of developing your market strategies by defining your company's long-term goals. We can help turn your objectives into reality.<\/p>\n                                <\/div>\n        \n        \n                <\/div>\n                <\/a>\n        <\/div>\t\t<\/div>\n\t\t\t\t<\/div>\n\t\t\t\t<\/div>\n\t\t<div class=\"elementor-element elementor-element-5e97103 e-con-full e-flex e-con e-child\" data-id=\"5e97103\" data-element_type=\"container\">\n\t\t\t\t<div class=\"elementor-element elementor-element-c239753 widget-link-underline animated-fast ekit-equal-height-disable elementor-invisible elementor-widget elementor-widget-elementskit-icon-box\" data-id=\"c239753\" data-element_type=\"widget\" data-settings=\"{&quot;_animation&quot;:&quot;fadeInUp&quot;,&quot;_animation_delay&quot;:200,&quot;ekit_we_effect_on&quot;:&quot;none&quot;}\" data-widget_type=\"elementskit-icon-box.default\">\n\t\t\t\t<div class=\"elementor-widget-container\">\n\t\t\t<div class=\"ekit-wid-con\" >        <!-- link opening -->\n                <a href=\"#\" class=\"ekit_global_links\">\n                <!-- end link opening -->\n\n        <div class=\"elementskit-infobox text-left text-left icon-lef-right-aligin elementor-animation-float media\">\n                    <div class=\"elementskit-box-header elementor-animation-\">\n                <div class=\"elementskit-info-box-icon  text-center\">\n                    <i aria-hidden=\"true\" class=\"elementkit-infobox-icon fas fa-lira-sign\"><\/i>\n                <\/div>\n          <\/div>\n                        <div class=\"box-body\">\n                            <h5 class=\"elementskit-info-box-title\">\n                    Financial Consulting                <\/h5>\n                        \t\t  <p>We are here to provide strong support in cost management, budgeting, and financial analysis to help increase your profitability.<\/p>\n                                <\/div>\n        \n        \n                <\/div>\n                <\/a>\n        <\/div>\t\t<\/div>\n\t\t\t\t<\/div>\n\t\t\t\t<\/div>\n\t\t<div class=\"elementor-element elementor-element-10997d1 e-con-full e-flex e-con e-child\" data-id=\"10997d1\" data-element_type=\"container\">\n\t\t\t\t<div class=\"elementor-element elementor-element-7b30eb5 widget-link-underline animated-fast ekit-equal-height-disable elementor-invisible elementor-widget elementor-widget-elementskit-icon-box\" data-id=\"7b30eb5\" data-element_type=\"widget\" data-settings=\"{&quot;_animation&quot;:&quot;fadeInUp&quot;,&quot;_animation_delay&quot;:300,&quot;ekit_we_effect_on&quot;:&quot;none&quot;}\" data-widget_type=\"elementskit-icon-box.default\">\n\t\t\t\t<div class=\"elementor-widget-container\">\n\t\t\t<div class=\"ekit-wid-con\" >        <!-- link opening -->\n                <a href=\"#\" class=\"ekit_global_links\">\n                <!-- end link opening -->\n\n        <div class=\"elementskit-infobox text-left text-left icon-lef-right-aligin elementor-animation-float media\">\n                    <div class=\"elementskit-box-header elementor-animation-\">\n                <div class=\"elementskit-info-box-icon  text-center\">\n                    <i aria-hidden=\"true\" class=\"elementkit-infobox-icon fas fa-users\"><\/i>\n                <\/div>\n          <\/div>\n                        <div class=\"box-body\">\n                            <h5 class=\"elementskit-info-box-title\">\n                    Human Resources Consulting                <\/h5>\n                        \t\t  <p>We provide expert support in recruitment, training, performance management, and employee engagement, helping you build the best team.<\/p>\n                                <\/div>\n        \n        \n                <\/div>\n                <\/a>\n        <\/div>\t\t<\/div>\n\t\t\t\t<\/div>\n\t\t\t\t<\/div>\n\t\t\t\t<\/div>\n\t\t<div class=\"elementor-element elementor-element-198882e e-con-full e-flex e-con e-child\" data-id=\"198882e\" data-element_type=\"container\">\n\t\t<div class=\"elementor-element elementor-element-3ddf58b e-con-full e-flex e-con e-child\" data-id=\"3ddf58b\" data-element_type=\"container\">\n\t\t\t\t<div class=\"elementor-element elementor-element-c8381dd widget-link-underline animated-fast ekit-equal-height-disable elementor-invisible elementor-widget elementor-widget-elementskit-icon-box\" data-id=\"c8381dd\" data-element_type=\"widget\" data-settings=\"{&quot;_animation&quot;:&quot;fadeInUp&quot;,&quot;_animation_delay&quot;:100,&quot;ekit_we_effect_on&quot;:&quot;none&quot;}\" data-widget_type=\"elementskit-icon-box.default\">\n\t\t\t\t<div class=\"elementor-widget-container\">\n\t\t\t<div class=\"ekit-wid-con\" >        <!-- link opening -->\n                <a href=\"#\" class=\"ekit_global_links\">\n                <!-- end link opening -->\n\n        <div class=\"elementskit-infobox text-left text-left icon-lef-right-aligin elementor-animation-float media\">\n                    <div class=\"elementskit-box-header elementor-animation-\">\n                <div class=\"elementskit-info-box-icon  text-center\">\n                    <i aria-hidden=\"true\" class=\"elementkit-infobox-icon fas fa-code\"><\/i>\n                <\/div>\n          <\/div>\n                        <div class=\"box-body\">\n                            <h5 class=\"elementskit-info-box-title\">\n                    Information Technology Consulting                <\/h5>\n                        \t\t  <p>We guide you in software development, system integration, cybersecurity, and artificial intelligence applications, ensuring you make the best use of technology.<\/p>\n                                <\/div>\n        \n        \n                <\/div>\n                <\/a>\n        <\/div>\t\t<\/div>\n\t\t\t\t<\/div>\n\t\t\t\t<\/div>\n\t\t<div class=\"elementor-element elementor-element-f134800 e-con-full e-flex e-con e-child\" data-id=\"f134800\" data-element_type=\"container\">\n\t\t\t\t<div class=\"elementor-element elementor-element-e6f7e1b widget-link-underline animated-fast ekit-equal-height-disable elementor-invisible elementor-widget elementor-widget-elementskit-icon-box\" data-id=\"e6f7e1b\" data-element_type=\"widget\" data-settings=\"{&quot;_animation&quot;:&quot;fadeInUp&quot;,&quot;_animation_delay&quot;:200,&quot;ekit_we_effect_on&quot;:&quot;none&quot;}\" data-widget_type=\"elementskit-icon-box.default\">\n\t\t\t\t<div class=\"elementor-widget-container\">\n\t\t\t<div class=\"ekit-wid-con\" >        <!-- link opening -->\n                <a href=\"#\" class=\"ekit_global_links\">\n                <!-- end link opening -->\n\n        <div class=\"elementskit-infobox text-left text-left icon-lef-right-aligin elementor-animation-float media\">\n                    <div class=\"elementskit-box-header elementor-animation-\">\n                <div class=\"elementskit-info-box-icon  text-center\">\n                    <i aria-hidden=\"true\" class=\"elementkit-infobox-icon fas fa-bullhorn\"><\/i>\n                <\/div>\n          <\/div>\n                        <div class=\"box-body\">\n                            <h5 class=\"elementskit-info-box-title\">\n                    Marketing Consulting                <\/h5>\n                        \t\t  <p>We provide leading consulting services in branding, digital marketing strategies, and customer relationship management, helping you rapidly expand your customer portfolio.<\/p>\n                                <\/div>\n        \n        \n                <\/div>\n                <\/a>\n        <\/div>\t\t<\/div>\n\t\t\t\t<\/div>\n\t\t\t\t<\/div>\n\t\t<div class=\"elementor-element elementor-element-4d6cd2b e-con-full e-flex e-con e-child\" data-id=\"4d6cd2b\" data-element_type=\"container\">\n\t\t\t\t<div class=\"elementor-element elementor-element-6511519 widget-link-underline animated-fast ekit-equal-height-disable elementor-invisible elementor-widget elementor-widget-elementskit-icon-box\" data-id=\"6511519\" data-element_type=\"widget\" data-settings=\"{&quot;_animation&quot;:&quot;fadeInUp&quot;,&quot;_animation_delay&quot;:300,&quot;ekit_we_effect_on&quot;:&quot;none&quot;}\" data-widget_type=\"elementskit-icon-box.default\">\n\t\t\t\t<div class=\"elementor-widget-container\">\n\t\t\t<div class=\"ekit-wid-con\" >        <!-- link opening -->\n                <a href=\"#\" class=\"ekit_global_links\">\n                <!-- end link opening -->\n\n        <div class=\"elementskit-infobox text-left text-left icon-lef-right-aligin elementor-animation-float media\">\n                    <div class=\"elementskit-box-header elementor-animation-\">\n                <div class=\"elementskit-info-box-icon  text-center\">\n                    <i aria-hidden=\"true\" class=\"elementkit-infobox-icon fas fa-cogs\"><\/i>\n                <\/div>\n          <\/div>\n                        <div class=\"box-body\">\n                            <h5 class=\"elementskit-info-box-title\">\n                    Operational Consulting                <\/h5>\n                        \t\t  <p>We optimize your company's business processes to enhance your efficiency. We enable you to achieve more with fewer resources.<\/p>\n                                <\/div>\n        \n        \n                <\/div>\n                <\/a>\n        <\/div>\t\t<\/div>\n\t\t\t\t<\/div>\n\t\t\t\t<\/div>\n\t\t\t\t<\/div>\n\t\t<div class=\"elementor-element elementor-element-f872589 e-con-full e-flex e-con e-child\" data-id=\"f872589\" data-element_type=\"container\">\n\t\t<div class=\"elementor-element elementor-element-72ed595 e-con-full e-flex e-con e-child\" data-id=\"72ed595\" data-element_type=\"container\">\n\t\t\t\t<div class=\"elementor-element elementor-element-e1428ed widget-link-underline animated-fast ekit-equal-height-disable elementor-invisible elementor-widget elementor-widget-elementskit-icon-box\" data-id=\"e1428ed\" data-element_type=\"widget\" data-settings=\"{&quot;_animation&quot;:&quot;fadeInUp&quot;,&quot;_animation_delay&quot;:100,&quot;ekit_we_effect_on&quot;:&quot;none&quot;}\" data-widget_type=\"elementskit-icon-box.default\">\n\t\t\t\t<div class=\"elementor-widget-container\">\n\t\t\t<div class=\"ekit-wid-con\" >        <!-- link opening -->\n                <a href=\"#\" class=\"ekit_global_links\">\n                <!-- end link opening -->\n\n        <div class=\"elementskit-infobox text-left text-left icon-lef-right-aligin elementor-animation-float media\">\n                    <div class=\"elementskit-box-header elementor-animation-\">\n                <div class=\"elementskit-info-box-icon  text-center\">\n                    <i aria-hidden=\"true\" class=\"elementkit-infobox-icon fas fa-sync\"><\/i>\n                <\/div>\n          <\/div>\n                        <div class=\"box-body\">\n                            <h5 class=\"elementskit-info-box-title\">\n                    Change Management                <\/h5>\n                        \t\t  <p>We help you manage your company's change and development process. Keep up with the change and don't get left behind!<\/p>\n                                <\/div>\n        \n        \n                <\/div>\n                <\/a>\n        <\/div>\t\t<\/div>\n\t\t\t\t<\/div>\n\t\t\t\t<\/div>\n\t\t<div class=\"elementor-element elementor-element-9459840 e-con-full e-flex e-con e-child\" data-id=\"9459840\" data-element_type=\"container\">\n\t\t\t\t<div class=\"elementor-element elementor-element-02dc4ce widget-link-underline animated-fast ekit-equal-height-disable elementor-invisible elementor-widget elementor-widget-elementskit-icon-box\" data-id=\"02dc4ce\" data-element_type=\"widget\" data-settings=\"{&quot;_animation&quot;:&quot;fadeInUp&quot;,&quot;_animation_delay&quot;:200,&quot;ekit_we_effect_on&quot;:&quot;none&quot;}\" data-widget_type=\"elementskit-icon-box.default\">\n\t\t\t\t<div class=\"elementor-widget-container\">\n\t\t\t<div class=\"ekit-wid-con\" >        <!-- link opening -->\n                <a href=\"#\" class=\"ekit_global_links\">\n                <!-- end link opening -->\n\n        <div class=\"elementskit-infobox text-left text-left icon-lef-right-aligin elementor-animation-float media\">\n                    <div class=\"elementskit-box-header elementor-animation-\">\n                <div class=\"elementskit-info-box-icon  text-center\">\n                    <i aria-hidden=\"true\" class=\"elementkit-infobox-icon fas fa-leaf\"><\/i>\n                <\/div>\n          <\/div>\n                        <div class=\"box-body\">\n                            <h5 class=\"elementskit-info-box-title\">\n                    Sustainability Consulting                <\/h5>\n                        \t\t  <p>We provide consulting on reducing environmental impacts and developing sustainable business models, securing your future.<\/p>\n                                <\/div>\n        \n        \n                <\/div>\n                <\/a>\n        <\/div>\t\t<\/div>\n\t\t\t\t<\/div>\n\t\t\t\t<\/div>\n\t\t<div class=\"elementor-element elementor-element-b391844 e-con-full e-flex e-con e-child\" data-id=\"b391844\" data-element_type=\"container\">\n\t\t\t\t<\/div>\n\t\t\t\t<\/div>\n\t\t\t\t\t<\/div>\n\t\t\t\t<\/div>\n\t\t<div class=\"elementor-element elementor-element-cc7fff2 e-flex e-con-boxed e-con e-parent\" data-id=\"cc7fff2\" data-element_type=\"container\" data-settings=\"{&quot;background_background&quot;:&quot;classic&quot;}\">\n\t\t\t\t\t<div class=\"e-con-inner\">\n\t\t<div class=\"elementor-element elementor-element-80777fe e-con-full e-flex e-con e-child\" data-id=\"80777fe\" data-element_type=\"container\">\n\t\t<div class=\"elementor-element elementor-element-05e6229 e-con-full animated-fast e-flex elementor-invisible e-con e-child\" data-id=\"05e6229\" data-element_type=\"container\" data-settings=\"{&quot;background_background&quot;:&quot;classic&quot;,&quot;animation&quot;:&quot;fadeInUp&quot;,&quot;animation_delay&quot;:100}\">\n\t\t<div class=\"elementor-element elementor-element-d9044cb e-con-full e-flex e-con e-child\" data-id=\"d9044cb\" data-element_type=\"container\" data-settings=\"{&quot;background_background&quot;:&quot;classic&quot;}\">\n\t\t<div class=\"elementor-element elementor-element-86de197 e-con-full e-flex e-con e-child\" data-id=\"86de197\" data-element_type=\"container\">\n\t\t\t\t<div class=\"elementor-element elementor-element-263fc12 animated-fast elementor-invisible elementor-widget elementor-widget-elementskit-heading\" data-id=\"263fc12\" data-element_type=\"widget\" data-settings=\"{&quot;_animation&quot;:&quot;fadeIn&quot;,&quot;ekit_we_effect_on&quot;:&quot;css&quot;,&quot;_animation_delay&quot;:100}\" data-widget_type=\"elementskit-heading.default\">\n\t\t\t\t<div class=\"elementor-widget-container\">\n\t\t\t<div class=\"ekit-wid-con\" ><div class=\"ekit-heading elementskit-section-title-wraper text_left   ekit_heading_tablet-   ekit_heading_mobile-\"><h3 class=\"ekit-heading--title elementskit-section-title\">You can benefit from a single service or take advantage of all our service packages according to your needs.<\/h3><\/div><\/div>\t\t<\/div>\n\t\t\t\t<\/div>\n\t\t<div class=\"elementor-element elementor-element-d68d4ee e-con-full e-flex e-con e-child\" data-id=\"d68d4ee\" data-element_type=\"container\">\n\t\t\t\t<div class=\"elementor-element elementor-element-f5f3140 animated-fast elementor-invisible elementor-widget elementor-widget-elementskit-heading\" data-id=\"f5f3140\" data-element_type=\"widget\" data-settings=\"{&quot;_animation&quot;:&quot;fadeIn&quot;,&quot;ekit_we_effect_on&quot;:&quot;css&quot;,&quot;_animation_delay&quot;:200}\" data-widget_type=\"elementskit-heading.default\">\n\t\t\t\t<div class=\"elementor-widget-container\">\n\t\t\t<div class=\"ekit-wid-con\" ><div class=\"ekit-heading elementskit-section-title-wraper text_left   ekit_heading_tablet-   ekit_heading_mobile-\">\t\t\t\t<div class='ekit-heading__description'>\n\t\t\t\t\t<p>We are here for you with our professional team!<\/p>\n\t\t\t\t<\/div>\n\t\t\t<\/div><\/div>\t\t<\/div>\n\t\t\t\t<\/div>\n\t\t<div class=\"elementor-element elementor-element-e433158 e-con-full e-flex e-con e-child\" data-id=\"e433158\" data-element_type=\"container\">\n\t\t\t\t<div class=\"elementor-element elementor-element-e27b81e elementor-widget__width-auto animated-fast elementor-invisible elementor-widget elementor-widget-elementskit-button\" data-id=\"e27b81e\" data-element_type=\"widget\" data-settings=\"{&quot;_animation&quot;:&quot;pulse&quot;,&quot;_animation_delay&quot;:200,&quot;ekit_we_effect_on&quot;:&quot;none&quot;}\" data-widget_type=\"elementskit-button.default\">\n\t\t\t\t<div class=\"elementor-widget-container\">\n\t\t\t<div class=\"ekit-wid-con\" >\t\t<div class=\"ekit-btn-wraper\">\n\t\t\t\t\t\t\t<a href=\"\/en\/bize-ulasin\/\" class=\"elementskit-btn  whitespace--normal\" id=\"\">\n\t\t\t\t\tContact Us\t\t\t\t<\/a>\n\t\t\t\t\t<\/div>\n        <\/div>\t\t<\/div>\n\t\t\t\t<\/div>\n\t\t\t\t<\/div>\n\t\t\t\t<\/div>\n\t\t\t\t<\/div>\n\t\t\t\t<\/div>\n\t\t<div class=\"elementor-element elementor-element-796cc30 e-con-full e-flex e-con e-child\" data-id=\"796cc30\" data-element_type=\"container\" data-settings=\"{&quot;background_background&quot;:&quot;classic&quot;}\">\n\t\t\t\t<\/div>\n\t\t\t\t<\/div>\n\t\t\t\t<\/div>\n\t\t\t\t\t<\/div>\n\t\t\t\t<\/div>\n\t\t\t\t<\/div>","protected":false},"excerpt":{"rendered":"<p>Hizmetlerimiz Stratejik Dan\u0131\u015fmanl\u0131k \u015eirketinizin uzun vadeli hedeflerini belirleyerek pazar stratejilerinizi geli\u015ftirme s\u00fcrecinde yan\u0131n\u0131zda oluyoruz. Hedeflerinizi ger\u00e7e\u011fe d\u00f6n\u00fc\u015ft\u00fcrmenize yard\u0131mc\u0131 olabiliriz. Finansal Dan\u0131\u015fmanl\u0131k Maliyet y\u00f6netimi, b\u00fct\u00e7eleme ve finansal analiz konular\u0131nda g\u00fc\u00e7l\u00fc destek sunarak, k\u00e2rl\u0131l\u0131\u011f\u0131n\u0131z\u0131 art\u0131rma yolunda yan\u0131n\u0131zday\u0131z. \u0130nsan Kaynaklar\u0131 Dan\u0131\u015fmanl\u0131\u011f\u0131 Personel al\u0131m\u0131, e\u011fitimi, performans y\u00f6netimi ve \u00e7al\u0131\u015fan ba\u011fl\u0131l\u0131\u011f\u0131 konular\u0131nda uzmanl\u0131k deste\u011fi sa\u011flayarak en iyi ekibi olu\u015fturman\u0131za yard\u0131mc\u0131 [&hellip;]<\/p>","protected":false},"author":1,"featured_media":0,"parent":0,"menu_order":0,"comment_status":"closed","ping_status":"closed","template":"","meta":{"inline_featured_image":false,"_joinchat":[],"footnotes":""},"class_list":["post-24417","page","type-page","status-publish","hentry"],"_links":{"self":[{"href":"https:\/\/swedomltd.com\/en\/wp-json\/wp\/v2\/pages\/24417","targetHints":{"allow":["GET"]}}],"collection":[{"href":"https:\/\/swedomltd.com\/en\/wp-json\/wp\/v2\/pages"}],"about":[{"href":"https:\/\/swedomltd.com\/en\/wp-json\/wp\/v2\/types\/page"}],"author":[{"embeddable":true,"href":"https:\/\/swedomltd.com\/en\/wp-json\/wp\/v2\/users\/1"}],"replies":[{"embeddable":true,"href":"https:\/\/swedomltd.com\/en\/wp-json\/wp\/v2\/comments?post=24417"}],"version-history":[{"count":0,"href":"https:\/\/swedomltd.com\/en\/wp-json\/wp\/v2\/pages\/24417\/revisions"}],"wp:attachment":[{"href":"https:\/\/swedomltd.com\/en\/wp-json\/wp\/v2\/media?parent=24417"}],"curies":[{"name":"wp","href":"https:\/\/api.w.org\/{rel}","templated":true}]}}