{"id":24409,"date":"2024-10-20T21:08:07","date_gmt":"2024-10-20T18:08:07","guid":{"rendered":"https:\/\/swedomltd.com\/?page_id=24409"},"modified":"2024-10-29T19:57:10","modified_gmt":"2024-10-29T16:57:10","slug":"hakkimizda","status":"publish","type":"page","link":"https:\/\/swedomltd.com\/en\/hakkimizda\/","title":{"rendered":"About Us"},"content":{"rendered":"<div data-elementor-type=\"wp-page\" data-elementor-id=\"24409\" class=\"elementor elementor-24409\">\n\t\t\t\t<div class=\"elementor-element elementor-element-a6166dc e-flex e-con-boxed e-con e-parent\" data-id=\"a6166dc\" data-element_type=\"container\" data-settings=\"{&quot;background_background&quot;:&quot;classic&quot;}\">\n\t\t\t\t\t<div class=\"e-con-inner\">\n\t\t<div class=\"elementor-element elementor-element-9d7db14 e-con-full e-flex e-con e-child\" data-id=\"9d7db14\" data-element_type=\"container\">\n\t\t\t\t<div class=\"elementor-element elementor-element-533f2ad animated-fast elementor-invisible elementor-widget elementor-widget-elementskit-heading\" data-id=\"533f2ad\" data-element_type=\"widget\" data-settings=\"{&quot;ekit_we_effect_on&quot;:&quot;css&quot;,&quot;_animation&quot;:&quot;fadeIn&quot;,&quot;_animation_delay&quot;:100}\" data-widget_type=\"elementskit-heading.default\">\n\t\t\t\t<div class=\"elementor-widget-container\">\n\t\t\t<div class=\"ekit-wid-con\" ><div class=\"ekit-heading elementskit-section-title-wraper text_center   ekit_heading_tablet-   ekit_heading_mobile-\"><h1 class=\"ekit-heading--title elementskit-section-title\">About Us<\/h1><\/div><\/div>\t\t<\/div>\n\t\t\t\t<\/div>\n\t\t\t\t<\/div>\n\t\t\t\t\t<\/div>\n\t\t\t\t<\/div>\n\t\t<div class=\"elementor-element elementor-element-bf026e5 e-flex e-con-boxed e-con e-parent\" data-id=\"bf026e5\" data-element_type=\"container\">\n\t\t\t\t\t<div class=\"e-con-inner\">\n\t\t<div class=\"elementor-element elementor-element-7a91f41 e-con-full e-flex e-con e-child\" data-id=\"7a91f41\" data-element_type=\"container\">\n\t\t<div class=\"elementor-element elementor-element-bae8b2f e-con-full e-flex e-con e-child\" data-id=\"bae8b2f\" data-element_type=\"container\">\n\t\t\t\t<div class=\"elementor-element elementor-element-ef03ba5 animated-fast elementor-invisible elementor-widget elementor-widget-elementskit-heading\" data-id=\"ef03ba5\" data-element_type=\"widget\" data-settings=\"{&quot;_animation&quot;:&quot;fadeIn&quot;,&quot;ekit_we_effect_on&quot;:&quot;css&quot;,&quot;_animation_delay&quot;:100}\" data-widget_type=\"elementskit-heading.default\">\n\t\t\t\t<div class=\"elementor-widget-container\">\n\t\t\t<div class=\"ekit-wid-con\" ><div class=\"ekit-heading elementskit-section-title-wraper text_left   ekit_heading_tablet-   ekit_heading_mobile-\"><h2 class=\"ekit-heading--title elementskit-section-title\">SWED OM LTD<\/h2><\/div><\/div>\t\t<\/div>\n\t\t\t\t<\/div>\n\t\t\t\t<div class=\"elementor-element elementor-element-4163f87 elementor-widget elementor-widget-text-editor\" data-id=\"4163f87\" data-element_type=\"widget\" data-settings=\"{&quot;ekit_we_effect_on&quot;:&quot;none&quot;}\" data-widget_type=\"text-editor.default\">\n\t\t\t\t<div class=\"elementor-widget-container\">\n\t\t\t\t\t\t\t<p>Since 1990, after our successful operations in Sweden and across Europe, we have started to operate in Turkey as well. This expansion is a testament to the high demand for our services and provides an opportunity to reach a wider audience with our expertise in the industry.<\/p><p>In Turkey, we offer comprehensive consulting services aimed at optimizing operational processes and providing a competitive advantage for businesses. With our customer-centric approach, we understand the unique needs of each business and develop customized solutions accordingly.<\/p><p>Our services include process analysis, efficiency enhancement strategies, resource management, and sustainability practices. Our goal is to improve the performance of businesses and ensure long-term success.<\/p><p>Our presence in the Turkish market offers a significant opportunity to share our experiences and best practices with local businesses, contributing to their growth. By collaborating with us, you can unlock the doors to operational excellence and enhance your competitive strength in the market.<\/p>\t\t\t\t\t\t<\/div>\n\t\t\t\t<\/div>\n\t\t\t\t<\/div>\n\t\t\t\t<\/div>\n\t\t\t\t\t<\/div>\n\t\t\t\t<\/div>\n\t\t<div class=\"elementor-element elementor-element-f8e4abc e-flex e-con-boxed e-con e-parent\" data-id=\"f8e4abc\" data-element_type=\"container\">\n\t\t\t\t\t<div class=\"e-con-inner\">\n\t\t\t\t<div class=\"elementor-element elementor-element-47a0989 elementor-widget elementor-widget-video\" data-id=\"47a0989\" data-element_type=\"widget\" data-settings=\"{&quot;video_type&quot;:&quot;hosted&quot;,&quot;controls&quot;:&quot;yes&quot;,&quot;ekit_we_effect_on&quot;:&quot;none&quot;}\" data-widget_type=\"video.default\">\n\t\t\t\t<div class=\"elementor-widget-container\">\n\t\t\t\t\t<div class=\"e-hosted-video elementor-wrapper elementor-open-inline\">\n\t\t\t\t\t<video class=\"elementor-video\" src=\"https:\/\/swedomltd.com\/wp-content\/uploads\/2024\/10\/swedom-english-intro-2.mp4\" controls=\"\" preload=\"metadata\" controlslist=\"nodownload\"><\/video>\n\t\t\t\t<\/div>\n\t\t\t\t<\/div>\n\t\t\t\t<\/div>\n\t\t\t\t\t<\/div>\n\t\t\t\t<\/div>\n\t\t\t\t<\/div>","protected":false},"excerpt":{"rendered":"<p>Hakk\u0131m\u0131zda SWED OM LTD 1990&#8217;dan beri \u0130sve\u00e7 ve Avrupa genelinde ba\u015far\u0131l\u0131 operasyonlar\u0131m\u0131z\u0131n ard\u0131ndan, T\u00fcrkiye&#8217;de de faaliyet g\u00f6stermeye ba\u015flad\u0131k. Bu geni\u015fleme, sundu\u011fumuz hizmetlere olan y\u00fcksek talebin bir g\u00f6stergesidir ve sekt\u00f6r\u00fcm\u00fczdeki uzmanl\u0131\u011f\u0131m\u0131z\u0131 daha geni\u015f bir kitleye ula\u015ft\u0131rma f\u0131rsat\u0131 sunmaktad\u0131r. T\u00fcrkiye&#8217;de, i\u015fletmelerin operasyonel s\u00fcre\u00e7lerini optimize etmek ve rekabet avantaj\u0131 sa\u011flamak amac\u0131yla kapsaml\u0131 dan\u0131\u015fmanl\u0131k hizmetleri sunuyoruz. M\u00fc\u015fteri odakl\u0131 yakla\u015f\u0131m\u0131m\u0131z [&hellip;]<\/p>","protected":false},"author":1,"featured_media":0,"parent":0,"menu_order":0,"comment_status":"closed","ping_status":"closed","template":"","meta":{"inline_featured_image":false,"_joinchat":[],"footnotes":""},"class_list":["post-24409","page","type-page","status-publish","hentry"],"_links":{"self":[{"href":"https:\/\/swedomltd.com\/en\/wp-json\/wp\/v2\/pages\/24409","targetHints":{"allow":["GET"]}}],"collection":[{"href":"https:\/\/swedomltd.com\/en\/wp-json\/wp\/v2\/pages"}],"about":[{"href":"https:\/\/swedomltd.com\/en\/wp-json\/wp\/v2\/types\/page"}],"author":[{"embeddable":true,"href":"https:\/\/swedomltd.com\/en\/wp-json\/wp\/v2\/users\/1"}],"replies":[{"embeddable":true,"href":"https:\/\/swedomltd.com\/en\/wp-json\/wp\/v2\/comments?post=24409"}],"version-history":[{"count":0,"href":"https:\/\/swedomltd.com\/en\/wp-json\/wp\/v2\/pages\/24409\/revisions"}],"wp:attachment":[{"href":"https:\/\/swedomltd.com\/en\/wp-json\/wp\/v2\/media?parent=24409"}],"curies":[{"name":"wp","href":"https:\/\/api.w.org\/{rel}","templated":true}]}}